{"id":2747,"date":"2021-04-14T12:39:49","date_gmt":"2021-04-14T11:39:49","guid":{"rendered":"https:\/\/gezek.si\/?page_id=2747"},"modified":"2021-04-14T12:39:50","modified_gmt":"2021-04-14T11:39:50","slug":"the-story-of-gezek","status":"publish","type":"page","link":"https:\/\/gezek.si\/en\/the-story-of-gezek\/","title":{"rendered":"THE STORY of Gezek"},"content":{"rendered":"<p>[vc_row full_width=&#8221;stretch_row_content&#8221; content_placement=&#8221;bottom&#8221; inverse=&#8221;&#8221; css=&#8221;.vc_custom_1614253758109{margin-bottom: 0px !important;border-bottom-width: 0px !important;padding-bottom: 0px !important;background-image: url(https:\/\/gezek.si\/wp-content\/uploads\/2021\/02\/bggg.png?id=1907) !important;background-position: center !important;background-repeat: no-repeat !important;background-size: cover !important;}&#8221;][vc_column width=&#8221;2\/3&#8243; css=&#8221;.vc_custom_1614249158907{margin-bottom: 0px !important;border-bottom-width: 0px !important;padding-bottom: 0px !important;background-position: center !important;background-repeat: no-repeat !important;background-size: cover !important;}&#8221; offset=&#8221;vc_col-lg-offset-3 vc_col-lg-5&#8243;][vc_custom_heading text=&#8221;I\u2019m Gezek,<br \/>\nelderly also call me Geza.&#8221; font_container=&#8221;tag:h2|font_size:50px|text_align:center&#8221; google_fonts=&#8221;font_family:Patrick%20Hand%3Aregular|font_style:400%20regular%3A400%3Anormal&#8221; css=&#8221;.vc_custom_1618400290049{margin-top: 40px !important;border-radius: 20px !important;}&#8221;][vc_empty_space height=&#8221;300px&#8221; el_class=&#8221;hideonmobile&#8221;][\/vc_column][vc_column width=&#8221;1\/3&#8243; offset=&#8221;vc_col-lg-2&#8243;][vc_single_image image=&#8221;2761&#8243; img_size=&#8221;large&#8221; css=&#8221;.vc_custom_1614249315597{margin-bottom: 30px !important;}&#8221;][\/vc_column][\/vc_row][vc_row full_width=&#8221;stretch_row_content&#8221; inverse=&#8221;&#8221; css=&#8221;.vc_custom_1614257638298{margin-bottom: 0px !important;border-bottom-width: 0px !important;padding-bottom: 0px !important;background: #d5c775 url(https:\/\/gezek.si\/wp-content\/uploads\/2021\/02\/bg4.png?id=1928) !important;}&#8221;][vc_column width=&#8221;1\/2&#8243; offset=&#8221;vc_col-lg-offset-1 vc_col-lg-5 vc_hidden-md vc_hidden-sm vc_hidden-xs&#8221;][vc_single_image image=&#8221;2757&#8243; img_size=&#8221;full&#8221;][\/vc_column][vc_column width=&#8221;1\/2&#8243; offset=&#8221;vc_hidden-md vc_hidden-sm vc_hidden-xs&#8221;][vc_empty_space height=&#8221;10px&#8221; el_class=&#8221;hideonmobile&#8221;][vc_custom_heading text=&#8221;I always joke as I\u2019m cheerful and playful.&#8221; font_container=&#8221;tag:h2|text_align:center|color:%23ffffff&#8221; google_fonts=&#8221;font_family:Patrick%20Hand%3Aregular|font_style:400%20regular%3A400%3Anormal&#8221; css=&#8221;.vc_custom_1618400322208{margin-right: 10% !important;margin-left: 10% !important;padding-top: 20px !important;padding-right: 20px !important;padding-bottom: 20px !important;padding-left: 20px !important;background-color: rgba(194,59,34,0.8) !important;*background-color: rgb(194,59,34) !important;border-radius: 35px !important;}&#8221; el_class=&#8221;shadow2&#8243;][vc_empty_space height=&#8221;300px&#8221; el_class=&#8221;hideonmobile&#8221;][\/vc_column][\/vc_row][vc_row full_width=&#8221;stretch_row_content&#8221; css=&#8221;.vc_custom_1614249514029{margin-top: 0px !important;margin-bottom: 0px !important;border-top-width: 0px !important;border-bottom-width: 0px !important;padding-top: -1px !important;padding-bottom: 0px !important;background-color: #a39647 !important;}&#8221;][vc_column offset=&#8221;vc_col-lg-offset-1 vc_col-lg-5 vc_hidden-lg vc_col-xs-12&#8243;][vc_empty_space height=&#8221;10px&#8221; el_class=&#8221;hideonmobile&#8221;][vc_custom_heading text=&#8221;I always joke as I\u2019m cheerful and playful.&#8221; font_container=&#8221;tag:h2|text_align:center&#8221; google_fonts=&#8221;font_family:Patrick%20Hand%3Aregular|font_style:400%20regular%3A400%3Anormal&#8221; css=&#8221;.vc_custom_1618400329894{margin-top: 15px !important;margin-right: 10px !important;margin-left: 10px !important;padding-top: 20px !important;padding-right: 20px !important;padding-bottom: 20px !important;padding-left: 20px !important;background-color: #c2b56a !important;border-radius: 35px !important;}&#8221; el_class=&#8221;shadow2&#8243;][vc_single_image image=&#8221;2757&#8243; img_size=&#8221;full&#8221; alignment=&#8221;center&#8221; css=&#8221;.vc_custom_1614258335828{margin-top: 30px !important;margin-bottom: 30px !important;}&#8221;][\/vc_column][\/vc_row][vc_row full_width=&#8221;stretch_row_content&#8221; css=&#8221;.vc_custom_1614258092909{margin-top: 0px !important;border-top-width: 0px !important;padding-top: 30px !important;padding-bottom: 50px !important;background-color: #a39647 !important;}&#8221;][vc_column width=&#8221;1\/2&#8243; offset=&#8221;vc_col-lg-offset-2 vc_col-lg-4&#8243;][vc_empty_space height=&#8221;10px&#8221; el_class=&#8221;hideonmobile&#8221;][vc_custom_heading text=&#8221;I like to sing, travel, write and draw. There is so much I\u2019ve got to tell you. I\u2019m also writing my own book and much more besides. Let\u2019s be friends.&#8221; font_container=&#8221;tag:h2|text_align:center|color:%23ffffff&#8221; google_fonts=&#8221;font_family:Patrick%20Hand%3Aregular|font_style:400%20regular%3A400%3Anormal&#8221; css=&#8221;.vc_custom_1618400337284{margin-right: 10px !important;margin-left: 10px !important;padding-top: 20px !important;padding-right: 20px !important;padding-bottom: 20px !important;padding-left: 20px !important;background-color: rgba(194,59,34,0.8) !important;*background-color: rgb(194,59,34) !important;border-radius: 35px !important;}&#8221; el_class=&#8221;shadow2&#8243;][\/vc_column][vc_column width=&#8221;1\/2&#8243; offset=&#8221;vc_col-lg-4&#8243;][vc_empty_space height=&#8221;10px&#8221; el_class=&#8221;hideonmobile&#8221;][vc_custom_heading text=&#8221;You can either send me an e-mail, draw a painting, write a song or ask me anything. I confide in you my e-mail: info@Gezek.si. Until then, you should behave and obey the parents. &#8221; font_container=&#8221;tag:h2|text_align:center|color:%23ffffff&#8221; google_fonts=&#8221;font_family:Patrick%20Hand%3Aregular|font_style:400%20regular%3A400%3Anormal&#8221; css=&#8221;.vc_custom_1618400374971{margin-right: 10px !important;margin-left: 10px !important;padding-top: 20px !important;padding-right: 20px !important;padding-bottom: 20px !important;padding-left: 20px !important;background-color: rgba(194,59,34,0.8) !important;*background-color: rgb(194,59,34) !important;border-radius: 35px !important;}&#8221; el_class=&#8221;shadow2&#8243;][\/vc_column][\/vc_row][vc_row full_width=&#8221;stretch_row&#8221; disable_element=&#8221;yes&#8221; css=&#8221;.vc_custom_1614255557187{margin-top: 0px !important;border-top-width: 0px !important;padding-top: 30px !important;padding-bottom: 50px !important;background-color: #a39647 !important;}&#8221;][vc_column width=&#8221;1\/2&#8243;][vc_custom_heading text=&#8221;I like to sing, travel, write and draw. There is so much I\u2019ve got to tell you. I\u2019m also writing my own book and much more besides. Let\u2019s be friends.&#8221; font_container=&#8221;tag:h2|text_align:center&#8221; google_fonts=&#8221;font_family:Patrick%20Hand%3Aregular|font_style:400%20regular%3A400%3Anormal&#8221; css=&#8221;.vc_custom_1618400345170{border-top-width: 6px !important;border-right-width: 6px !important;border-bottom-width: 6px !important;border-left-width: 6px !important;padding-top: 20px !important;padding-right: 20px !important;padding-bottom: 20px !important;padding-left: 20px !important;background-color: #d5c775 !important;border-left-color: #ffffff !important;border-left-style: dashed !important;border-right-color: #ffffff !important;border-right-style: dashed !important;border-top-color: #ffffff !important;border-top-style: dashed !important;border-bottom-color: #ffffff !important;border-bottom-style: dashed !important;border-radius: 35px !important;}&#8221;][\/vc_column][vc_column width=&#8221;1\/2&#8243;][vc_custom_heading text=&#8221;Lahko mi po\u0161lje\u0161 tudi e-po\u0161to, nari\u0161e\u0161 risbico, napi\u0161e\u0161 pesmico ali me kaj vpra\u0161a\u0161.<br \/>\nZaupam ti tudi moj e-po\u0161tni naslov: info@Gezek.si.<br \/>\nTa \u010das pa bodi priden in ubogaj star\u0161e.&#8221; font_container=&#8221;tag:h2|text_align:center&#8221; google_fonts=&#8221;font_family:Patrick%20Hand%3Aregular|font_style:400%20regular%3A400%3Anormal&#8221; css=&#8221;.vc_custom_1614255097806{border-top-width: 6px !important;border-right-width: 6px !important;border-bottom-width: 6px !important;border-left-width: 6px !important;padding-top: 20px !important;padding-right: 20px !important;padding-bottom: 20px !important;padding-left: 20px !important;background-color: #e9a853 !important;border-left-color: #ffffff !important;border-left-style: dashed !important;border-right-color: #ffffff !important;border-right-style: dashed !important;border-top-color: #ffffff !important;border-top-style: dashed !important;border-bottom-color: #ffffff !important;border-bottom-style: dashed !important;border-radius: 35px !important;}&#8221;][\/vc_column][\/vc_row][vc_row full_width=&#8221;stretch_row&#8221; disable_element=&#8221;yes&#8221; css=&#8221;.vc_custom_1614255562478{margin-top: 0px !important;border-top-width: 0px !important;padding-top: 30px !important;padding-bottom: 50px !important;background-color: #a39647 !important;}&#8221;][vc_column width=&#8221;1\/2&#8243;][vc_custom_heading text=&#8221;I like to sing, travel, write and draw. There is so much I\u2019ve got to tell you. I\u2019m also writing my own book and much more besides. Let\u2019s be friends.&#8221; font_container=&#8221;tag:h2|text_align:center&#8221; google_fonts=&#8221;font_family:Patrick%20Hand%3Aregular|font_style:400%20regular%3A400%3Anormal&#8221; css=&#8221;.vc_custom_1618400351422{padding-top: 20px !important;padding-right: 20px !important;padding-bottom: 20px !important;padding-left: 20px !important;background-color: #d5c775 !important;}&#8221; el_class=&#8221;shadow1&#8243;][\/vc_column][vc_column width=&#8221;1\/2&#8243;][vc_custom_heading text=&#8221;Lahko mi po\u0161lje\u0161 tudi e-po\u0161to, nari\u0161e\u0161 risbico, napi\u0161e\u0161 pesmico ali me kaj vpra\u0161a\u0161.<br \/>\nZaupam ti tudi moj e-po\u0161tni naslov: info@Gezek.si.<br \/>\nTa \u010das pa bodi priden in ubogaj star\u0161e.&#8221; font_container=&#8221;tag:h2|text_align:center&#8221; google_fonts=&#8221;font_family:Patrick%20Hand%3Aregular|font_style:400%20regular%3A400%3Anormal&#8221; css=&#8221;.vc_custom_1614255512767{padding-top: 20px !important;padding-right: 20px !important;padding-bottom: 20px !important;padding-left: 20px !important;background-color: #e9a853 !important;}&#8221; el_class=&#8221;shadow2&#8243;][\/vc_column][\/vc_row]<\/p>\n","protected":false},"excerpt":{"rendered":"<p>[vc_row full_width=&#8221;stretch_row_content&#8221; content_placement=&#8221;bottom&#8221; inverse=&#8221;&#8221; css=&#8221;.vc_custom_1614253758109{margin-bottom: 0px !important;border-bottom-width: 0px !important;padding-bottom: 0px !important;background-image: url(https:\/\/gezek.si\/wp-content\/uploads\/2021\/02\/bggg.png?id=1907) !important;background-position: center !important;background-repeat: no-repeat !important;background-size: cover !important;}&#8221;][vc_column width=&#8221;2\/3&#8243; css=&#8221;.vc_custom_1614249158907{margin-bottom: 0px !important;border-bottom-width: 0px !important;padding-bottom: 0px !important;background-position: center !important;background-repeat: no-repeat !important;background-size: cover !important;}&#8221; offset=&#8221;vc_col-lg-offset-3 vc_col-lg-5&#8243;][vc_custom_heading text=&#8221;I\u2019m Gezek, elderly also call me Geza.&#8221; font_container=&#8221;tag:h2|font_size:50px|text_align:center&#8221; google_fonts=&#8221;font_family:Patrick%20Hand%3Aregular|font_style:400%20regular%3A400%3Anormal&#8221; css=&#8221;.vc_custom_1618400290049{margin-top: 40px !important;border-radius: 20px !important;}&#8221;][vc_empty_space height=&#8221;300px&#8221; el_class=&#8221;hideonmobile&#8221;][\/vc_column][vc_column width=&#8221;1\/3&#8243; offset=&#8221;vc_col-lg-2&#8243;][vc_single_image image=&#8221;2761&#8243; img_size=&#8221;large&#8221; [&hellip;]<\/p>\n","protected":false},"author":1,"featured_media":0,"parent":0,"menu_order":0,"comment_status":"closed","ping_status":"closed","template":"","meta":{"inline_featured_image":false,"footnotes":""},"class_list":["post-2747","page","type-page","status-publish","hentry"],"_links":{"self":[{"href":"https:\/\/gezek.si\/en\/wp-json\/wp\/v2\/pages\/2747","targetHints":{"allow":["GET"]}}],"collection":[{"href":"https:\/\/gezek.si\/en\/wp-json\/wp\/v2\/pages"}],"about":[{"href":"https:\/\/gezek.si\/en\/wp-json\/wp\/v2\/types\/page"}],"author":[{"embeddable":true,"href":"https:\/\/gezek.si\/en\/wp-json\/wp\/v2\/users\/1"}],"replies":[{"embeddable":true,"href":"https:\/\/gezek.si\/en\/wp-json\/wp\/v2\/comments?post=2747"}],"version-history":[{"count":2,"href":"https:\/\/gezek.si\/en\/wp-json\/wp\/v2\/pages\/2747\/revisions"}],"predecessor-version":[{"id":2764,"href":"https:\/\/gezek.si\/en\/wp-json\/wp\/v2\/pages\/2747\/revisions\/2764"}],"wp:attachment":[{"href":"https:\/\/gezek.si\/en\/wp-json\/wp\/v2\/media?parent=2747"}],"curies":[{"name":"wp","href":"https:\/\/api.w.org\/{rel}","templated":true}]}}