{"id":3399,"date":"2021-04-22T11:46:58","date_gmt":"2021-04-22T10:46:58","guid":{"rendered":"https:\/\/gezek.si\/?page_id=3399"},"modified":"2021-04-22T11:46:58","modified_gmt":"2021-04-22T10:46:58","slug":"cookies","status":"publish","type":"page","link":"https:\/\/gezek.si\/en\/cookies\/","title":{"rendered":"Cookies"},"content":{"rendered":"<h3>PI\u0160KOTKI<\/h3>\n<p>Politika o pi\u0161kotkih pojasnjuje, kaj so pi\u0161kotki in zakaj ter kako jih uporabljamo.Svojo privolitev lahko kadar koli spremenite ali umaknete. V na\u0161em pravilniku o zasebnosti in splo\u0161nih pogojih\u00a0 preberite ve\u010d o tem, kdo smo, kako lahko stopite v stik z nami in kako obdelujemo osebne podatke.Va\u0161e soglasje velja za naslednje domene:gezek.siVa\u0161e soglasje velja za naslednje domene: gezek.si<div class=\"cli_user_consent_state\">Your current state: No consent given. <a class=\"cli_manage_current_consent\" style=\"cursor:pointer;text-decoration:underline;\">Manage your consent.<\/a> <\/div>\n<h3>Kaj so pi\u0161kotki?<\/h3>\n<div>Pi\u0161kotek je kratko besedilo, ki ga spletna stran ob va\u0161em obisku po\u0161lje brskalniku. Tako vas spletna stran prepozna, si z njim zapomni podatke o va\u0161em obisku in vam s tem omogo\u010di enostavnej\u0161o spletno storitev. S pomo\u010djo pi\u0161kotkov na na\u0161i spletni strani www.go4goal.net prilagajamo vsebino ter na\u0161e marketin\u0161ke aktivnosti, bele\u017eimo obisk in si zapomnimo va\u0161e preference. S pi\u0161kotki je brskanje po na\u0161i spletni trgovini hitrej\u0161e, prijetnej\u0161e in predvsem u\u010dinkovitej\u0161e.<\/div>\n<p>Pi\u0161kotke uporablja ve\u010dina spletnih mest za zagotavljanje bolj\u0161e uporabni\u0161ke izku\u0161nje in spremljanje statistike obiska. So priro\u010dno sredstvo za ohranjanje sve\u017ee in primerne vsebine, ki je v skladu z interesi in preferencami uporabnikov spletnih mest. Razlog za uporabo pi\u0161kotkov na na\u0161em spletnem mestu je njihova lastnost, da lahko shranjujejo podatke o posameznih spletnih straneh (podrobnosti o njenih prilagoditvah), zbiranju razli\u010dnih statistik in navedb spletnega uporabnika &#8211; saj se lahko le z njimi spremlja pogostost obiskovanja dolo\u010dene vsebine na spletnih straneh. Z uporabo pi\u0161kotkov ocenjujemo u\u010dinkovitost zasnove spletnega mesta ter tudi ustreznost vsebine na podstraneh.<\/p>\n<h3>Pi\u0161kotki, ki jih uporabljamo:<\/h3>\n<p>The below list details the cookies used in our website.<\/p><table class=\"cookielawinfo-row-cat-table cookielawinfo-classic\"><thead><tr><th class=\"cookielawinfo-column-1\">Cookie<\/th><th class=\"cookielawinfo-column-4\">Description<\/th><\/tr><\/thead><tbody><tr class=\"cookielawinfo-row\"><td class=\"cookielawinfo-column-1\">cookielawinfo-checkbox-analytics<\/td><td class=\"cookielawinfo-column-4\">This cookies is set by GDPR Cookie Consent WordPress Plugin. The cookie is used to remember the user consent for the cookies under the category \"Analytics\".<\/td><\/tr><tr class=\"cookielawinfo-row\"><td class=\"cookielawinfo-column-1\">cookielawinfo-checkbox-others<\/td><td class=\"cookielawinfo-column-4\">No description<\/td><\/tr><tr class=\"cookielawinfo-row\"><td class=\"cookielawinfo-column-1\">wp-wpml_current_language<\/td><td class=\"cookielawinfo-column-4\">No description<\/td><\/tr><\/tbody><\/table>\n<p>&nbsp;<\/p>\n<h3>Onemogo\u010danje pi\u0161kotkov<\/h3>\n<p>Za informacije o nastavitvah za pi\u0161kotke izberite spletni brskalnik, ki ga uporabljate:<br \/>\n\u2013\u00a0<a href=\"https:\/\/support.google.com\/chrome\/answer\/95647?hl=sl-sl&amp;p=cpn_cookies\">Chrome<\/a><br \/>\n\u2013\u00a0<a href=\"https:\/\/support.mozilla.org\/sl\/kb\/Kako%20aktivirate%20in%20deaktivirate%20pi%C5%A1kote\">Firefox<\/a><br \/>\n\u2013\u00a0<a href=\"https:\/\/www.opera.com\/help\/tutorials\/security\/cookies\/\">Opera<\/a><br \/>\n\u2013\u00a0<a href=\"https:\/\/windows.microsoft.com\/sl-si\/windows7\/how-to-manage-cookies-in-internet-explorer-9\">Internet Explorer 9<\/a><br \/>\n\u2013\u00a0<a href=\"https:\/\/windows.microsoft.com\/sl-si\/windows-vista\/block-or-allow-cookies\">Internet Explorer 7 in 8<\/a><br \/>\n\u2013\u00a0<a href=\"https:\/\/support.apple.com\/kb\/PH11913\">Safari<\/a><\/p>\n","protected":false},"excerpt":{"rendered":"<p>PI\u0160KOTKI Politika o pi\u0161kotkih pojasnjuje, kaj so pi\u0161kotki in zakaj ter kako jih uporabljamo.Svojo privolitev lahko kadar koli spremenite ali umaknete. V na\u0161em pravilniku o zasebnosti in splo\u0161nih pogojih\u00a0 preberite ve\u010d o tem, kdo smo, kako lahko stopite v stik z nami in kako obdelujemo osebne podatke.Va\u0161e soglasje velja za naslednje domene:gezek.siVa\u0161e soglasje velja za [&hellip;]<\/p>\n","protected":false},"author":1,"featured_media":0,"parent":0,"menu_order":0,"comment_status":"closed","ping_status":"closed","template":"","meta":{"inline_featured_image":false,"footnotes":""},"class_list":["post-3399","page","type-page","status-publish","hentry"],"_links":{"self":[{"href":"https:\/\/gezek.si\/en\/wp-json\/wp\/v2\/pages\/3399","targetHints":{"allow":["GET"]}}],"collection":[{"href":"https:\/\/gezek.si\/en\/wp-json\/wp\/v2\/pages"}],"about":[{"href":"https:\/\/gezek.si\/en\/wp-json\/wp\/v2\/types\/page"}],"author":[{"embeddable":true,"href":"https:\/\/gezek.si\/en\/wp-json\/wp\/v2\/users\/1"}],"replies":[{"embeddable":true,"href":"https:\/\/gezek.si\/en\/wp-json\/wp\/v2\/comments?post=3399"}],"version-history":[{"count":1,"href":"https:\/\/gezek.si\/en\/wp-json\/wp\/v2\/pages\/3399\/revisions"}],"predecessor-version":[{"id":3400,"href":"https:\/\/gezek.si\/en\/wp-json\/wp\/v2\/pages\/3399\/revisions\/3400"}],"wp:attachment":[{"href":"https:\/\/gezek.si\/en\/wp-json\/wp\/v2\/media?parent=3399"}],"curies":[{"name":"wp","href":"https:\/\/api.w.org\/{rel}","templated":true}]}}